{"id":13,"date":"2017-10-07T15:08:34","date_gmt":"2017-10-07T13:08:34","guid":{"rendered":"http:\/\/browny2.bplaced.net\/keck\/?page_id=13"},"modified":"2018-12-31T20:20:49","modified_gmt":"2018-12-31T19:20:49","slug":"willkommen","status":"publish","type":"page","link":"https:\/\/werbeagenturkeck.de\/cms\/","title":{"rendered":"Willkommen"},"content":{"rendered":"<p><img src=\"https:\/\/werbeagenturkeck.de\/cms\/wp-content\/uploads\/2017\/10\/Werbeagentur-Keck-willkommen.jpg\" alt=\"Willkommen\" width=\"100%\"><\/p>\n","protected":false},"excerpt":{"rendered":"","protected":false},"author":1,"featured_media":0,"parent":0,"menu_order":10,"comment_status":"closed","ping_status":"closed","template":"page-home.php","meta":[],"yoast_head":"<!-- This site is optimized with the Yoast SEO plugin v20.6 - https:\/\/yoast.com\/wordpress\/plugins\/seo\/ -->\n<title>Willkommen - Werbeagentur Keck<\/title>\n<meta name=\"description\" content=\"Lass dein Gr\u00e4men, lass dein Sch\u00e4men, werbe keck und fordere laut und man wird sich dir bequemen, und du f\u00fchrest heim die Braut\" \/>\n<meta name=\"robots\" content=\"index, follow, max-snippet:-1, max-image-preview:large, max-video-preview:-1\" \/>\n<link rel=\"canonical\" href=\"https:\/\/werbeagenturkeck.de\/cms\/\" \/>\n<meta property=\"og:locale\" content=\"de_DE\" \/>\n<meta property=\"og:type\" content=\"article\" \/>\n<meta property=\"og:title\" content=\"Willkommen - Werbeagentur Keck\" \/>\n<meta property=\"og:description\" content=\"Lass dein Gr\u00e4men, lass dein Sch\u00e4men, werbe keck und fordere laut und man wird sich dir bequemen, und du f\u00fchrest heim die Braut\" \/>\n<meta property=\"og:url\" content=\"https:\/\/werbeagenturkeck.de\/cms\/\" \/>\n<meta property=\"og:site_name\" content=\"Werbeagentur Keck\" \/>\n<meta property=\"article:modified_time\" content=\"2018-12-31T19:20:49+00:00\" \/>\n<meta property=\"og:image\" content=\"https:\/\/werbeagenturkeck.de\/cms\/wp-content\/uploads\/2017\/10\/Werbeagentur-Keck-willkommen.jpg\" \/>\n<meta name=\"twitter:card\" content=\"summary_large_image\" \/>\n<script type=\"application\/ld+json\" class=\"yoast-schema-graph\">{\"@context\":\"https:\/\/schema.org\",\"@graph\":[{\"@type\":\"WebPage\",\"@id\":\"https:\/\/werbeagenturkeck.de\/cms\/\",\"url\":\"https:\/\/werbeagenturkeck.de\/cms\/\",\"name\":\"Willkommen - Werbeagentur Keck\",\"isPartOf\":{\"@id\":\"https:\/\/werbeagenturkeck.de\/cms\/#website\"},\"datePublished\":\"2017-10-07T13:08:34+00:00\",\"dateModified\":\"2018-12-31T19:20:49+00:00\",\"description\":\"Lass dein Gr\u00e4men, lass dein Sch\u00e4men, werbe keck und fordere laut und man wird sich dir bequemen, und du f\u00fchrest heim die Braut\",\"breadcrumb\":{\"@id\":\"https:\/\/werbeagenturkeck.de\/cms\/#breadcrumb\"},\"inLanguage\":\"de\",\"potentialAction\":[{\"@type\":\"ReadAction\",\"target\":[\"https:\/\/werbeagenturkeck.de\/cms\/\"]}]},{\"@type\":\"BreadcrumbList\",\"@id\":\"https:\/\/werbeagenturkeck.de\/cms\/#breadcrumb\",\"itemListElement\":[{\"@type\":\"ListItem\",\"position\":1,\"name\":\"Startseite\",\"item\":\"https:\/\/werbeagenturkeck.de\/cms\/\"},{\"@type\":\"ListItem\",\"position\":2,\"name\":\"Willkommen\"}]},{\"@type\":\"WebSite\",\"@id\":\"https:\/\/werbeagenturkeck.de\/cms\/#website\",\"url\":\"https:\/\/werbeagenturkeck.de\/cms\/\",\"name\":\"Werbeagentur Keck\",\"description\":\"Ihre Full-Service-Werbeagentur im Bachgau\",\"potentialAction\":[{\"@type\":\"SearchAction\",\"target\":{\"@type\":\"EntryPoint\",\"urlTemplate\":\"https:\/\/werbeagenturkeck.de\/cms\/?s={search_term_string}\"},\"query-input\":\"required name=search_term_string\"}],\"inLanguage\":\"de\"}]}<\/script>\n<!-- \/ Yoast SEO plugin. -->","yoast_head_json":{"title":"Willkommen - Werbeagentur Keck","description":"Lass dein Gr\u00e4men, lass dein Sch\u00e4men, werbe keck und fordere laut und man wird sich dir bequemen, und du f\u00fchrest heim die Braut","robots":{"index":"index","follow":"follow","max-snippet":"max-snippet:-1","max-image-preview":"max-image-preview:large","max-video-preview":"max-video-preview:-1"},"canonical":"https:\/\/werbeagenturkeck.de\/cms\/","og_locale":"de_DE","og_type":"article","og_title":"Willkommen - Werbeagentur Keck","og_description":"Lass dein Gr\u00e4men, lass dein Sch\u00e4men, werbe keck und fordere laut und man wird sich dir bequemen, und du f\u00fchrest heim die Braut","og_url":"https:\/\/werbeagenturkeck.de\/cms\/","og_site_name":"Werbeagentur Keck","article_modified_time":"2018-12-31T19:20:49+00:00","og_image":[{"url":"https:\/\/werbeagenturkeck.de\/cms\/wp-content\/uploads\/2017\/10\/Werbeagentur-Keck-willkommen.jpg"}],"twitter_card":"summary_large_image","schema":{"@context":"https:\/\/schema.org","@graph":[{"@type":"WebPage","@id":"https:\/\/werbeagenturkeck.de\/cms\/","url":"https:\/\/werbeagenturkeck.de\/cms\/","name":"Willkommen - Werbeagentur Keck","isPartOf":{"@id":"https:\/\/werbeagenturkeck.de\/cms\/#website"},"datePublished":"2017-10-07T13:08:34+00:00","dateModified":"2018-12-31T19:20:49+00:00","description":"Lass dein Gr\u00e4men, lass dein Sch\u00e4men, werbe keck und fordere laut und man wird sich dir bequemen, und du f\u00fchrest heim die Braut","breadcrumb":{"@id":"https:\/\/werbeagenturkeck.de\/cms\/#breadcrumb"},"inLanguage":"de","potentialAction":[{"@type":"ReadAction","target":["https:\/\/werbeagenturkeck.de\/cms\/"]}]},{"@type":"BreadcrumbList","@id":"https:\/\/werbeagenturkeck.de\/cms\/#breadcrumb","itemListElement":[{"@type":"ListItem","position":1,"name":"Startseite","item":"https:\/\/werbeagenturkeck.de\/cms\/"},{"@type":"ListItem","position":2,"name":"Willkommen"}]},{"@type":"WebSite","@id":"https:\/\/werbeagenturkeck.de\/cms\/#website","url":"https:\/\/werbeagenturkeck.de\/cms\/","name":"Werbeagentur Keck","description":"Ihre Full-Service-Werbeagentur im Bachgau","potentialAction":[{"@type":"SearchAction","target":{"@type":"EntryPoint","urlTemplate":"https:\/\/werbeagenturkeck.de\/cms\/?s={search_term_string}"},"query-input":"required name=search_term_string"}],"inLanguage":"de"}]}},"_links":{"self":[{"href":"https:\/\/werbeagenturkeck.de\/cms\/wp-json\/wp\/v2\/pages\/13"}],"collection":[{"href":"https:\/\/werbeagenturkeck.de\/cms\/wp-json\/wp\/v2\/pages"}],"about":[{"href":"https:\/\/werbeagenturkeck.de\/cms\/wp-json\/wp\/v2\/types\/page"}],"author":[{"embeddable":true,"href":"https:\/\/werbeagenturkeck.de\/cms\/wp-json\/wp\/v2\/users\/1"}],"replies":[{"embeddable":true,"href":"https:\/\/werbeagenturkeck.de\/cms\/wp-json\/wp\/v2\/comments?post=13"}],"version-history":[{"count":1,"href":"https:\/\/werbeagenturkeck.de\/cms\/wp-json\/wp\/v2\/pages\/13\/revisions"}],"predecessor-version":[{"id":246,"href":"https:\/\/werbeagenturkeck.de\/cms\/wp-json\/wp\/v2\/pages\/13\/revisions\/246"}],"wp:attachment":[{"href":"https:\/\/werbeagenturkeck.de\/cms\/wp-json\/wp\/v2\/media?parent=13"}],"curies":[{"name":"wp","href":"https:\/\/api.w.org\/{rel}","templated":true}]}}